{"id":135,"date":"2015-04-08T12:38:43","date_gmt":"2015-04-08T10:38:43","guid":{"rendered":"http:\/\/artograf.de\/?page_id=135"},"modified":"2018-02-12T16:03:11","modified_gmt":"2018-02-12T15:03:11","slug":"about-me","status":"publish","type":"page","link":"http:\/\/artograf.de\/?page_id=135","title":{"rendered":"about me"},"content":{"rendered":"<p style=\"text-align: left;\">Artograf = Ar<span style=\"color: #999999;\">chitekt<\/span> und <span style=\"color: #999999;\">Fo<\/span>tograf<\/p>\n<p style=\"text-align: left;\">In der Architektur arbeite ich zweidimensional um dreidimensionale R\u00e4ume zu erschaffen.<\/p>\n<p style=\"text-align: left;\">In der Fotografie bilde ich den vorhandenen dreidimensionalen Raum auf zwei Dimensionen reduziert ab. Ganz einfach &#8211; oder?<\/p>\n<p style=\"text-align: left;\">Nach 25 Jahren Beruf beherrsche ich den Raum ganz gut.<br \/>\nZeit um, um etwas an der Reduktion zu arbeiten.<\/p>\n<p style=\"text-align: left;\">Alle pr\u00e4sentierten Bilder sind Ausdruck meiner Kreativit\u00e4t in Form und Farbe.<br \/>\nIch arbeite frei im Bereich Landschaft, Stills, und Portr\u00e4t.<br \/>\nBeipackzettel: in Artografie k\u00f6nnen Spuren von Kunst enthalten sein.<\/p>\n<figure id=\"attachment_344\" aria-describedby=\"caption-attachment-344\" style=\"width: 625px\" class=\"wp-caption alignnone\"><a href=\"http:\/\/artograf.de\/?attachment_id=344\" rel=\"attachment wp-att-344\"><img data-attachment-id=\"344\" data-permalink=\"http:\/\/artograf.de\/?attachment_id=344\" data-orig-file=\"https:\/\/i0.wp.com\/artograf.de\/wp-content\/uploads\/2015\/07\/let-the-sun-shine-in-klein.jpg?fit=2480%2C1654\" data-orig-size=\"2480,1654\" data-comments-opened=\"1\" data-image-meta=\"{&quot;aperture&quot;:&quot;0&quot;,&quot;credit&quot;:&quot;&quot;,&quot;camera&quot;:&quot;ILCE-7M2&quot;,&quot;caption&quot;:&quot;&quot;,&quot;created_timestamp&quot;:&quot;1435780253&quot;,&quot;copyright&quot;:&quot;&quot;,&quot;focal_length&quot;:&quot;0&quot;,&quot;iso&quot;:&quot;100&quot;,&quot;shutter_speed&quot;:&quot;0.000125&quot;,&quot;title&quot;:&quot;&quot;,&quot;orientation&quot;:&quot;1&quot;}\" data-image-title=\"let the sun shine&#8217;n\" data-image-description=\"\" data-image-caption=\"&lt;p&gt;let the sun shine&#8217;n&lt;\/p&gt;\n\" data-medium-file=\"https:\/\/i0.wp.com\/artograf.de\/wp-content\/uploads\/2015\/07\/let-the-sun-shine-in-klein.jpg?fit=300%2C200\" data-large-file=\"https:\/\/i0.wp.com\/artograf.de\/wp-content\/uploads\/2015\/07\/let-the-sun-shine-in-klein.jpg?fit=756%2C504\" loading=\"lazy\" class=\"size-large wp-image-344\" src=\"https:\/\/i0.wp.com\/artograf.de\/wp-content\/uploads\/2015\/07\/let-the-sun-shine-in-klein.jpg?resize=625%2C417\" alt=\"let the sun shine'n\" width=\"625\" height=\"417\" srcset=\"https:\/\/i0.wp.com\/artograf.de\/wp-content\/uploads\/2015\/07\/let-the-sun-shine-in-klein.jpg?resize=2048%2C1366 2048w, https:\/\/i0.wp.com\/artograf.de\/wp-content\/uploads\/2015\/07\/let-the-sun-shine-in-klein.jpg?resize=300%2C200 300w, https:\/\/i0.wp.com\/artograf.de\/wp-content\/uploads\/2015\/07\/let-the-sun-shine-in-klein.jpg?w=1512 1512w, https:\/\/i0.wp.com\/artograf.de\/wp-content\/uploads\/2015\/07\/let-the-sun-shine-in-klein.jpg?w=2268 2268w\" sizes=\"(max-width: 625px) 100vw, 625px\" data-recalc-dims=\"1\" \/><\/a><figcaption id=\"caption-attachment-344\" class=\"wp-caption-text\">let the sun shine&#8217;n<\/figcaption><\/figure>\n<p>Ich widme mich schon seit meiner Jugend dem Medium &#8222;Foto&#8220;.<br \/>\nMein heimlicher Berufswunsch war auch &#8222;Kameramann&#8220;,&nbsp;so&nbsp;richtig f\u00fcr Kinofilme,<br \/>\ndas hat mich immer fasziniert.<br \/>\nNoch heute sehe ich &nbsp;jeden guten Film mit einem Auge&nbsp;f\u00fcr die Handlung<br \/>\nund mit dem anderen begeistere ich&nbsp;mich an Kamerafahrten und Blickwinkeln.<\/p>\n","protected":false},"excerpt":{"rendered":"<p>Artograf = Architekt und Fotograf In der Architektur arbeite ich zweidimensional um dreidimensionale R\u00e4ume zu erschaffen. In der Fotografie bilde ich den vorhandenen dreidimensionalen Raum auf zwei Dimensionen reduziert ab. Ganz einfach &#8211; oder? Nach 25 Jahren Beruf beherrsche ich den Raum ganz gut. Zeit &hellip; <a href=\"http:\/\/artograf.de\/?page_id=135\" class=\"more-link\"><span>Continue reading<span class=\"screen-reader-text\">about me<\/span><\/span><\/a><\/p>\n","protected":false},"author":1,"featured_media":0,"parent":0,"menu_order":0,"comment_status":"open","ping_status":"open","template":"page-full.php","meta":{"ngg_post_thumbnail":0,"spay_email":""},"jetpack_sharing_enabled":true,"jetpack_shortlink":"https:\/\/wp.me\/P60xxA-2b","jetpack-related-posts":[{"id":29,"url":"http:\/\/artograf.de\/?page_id=29","url_meta":{"origin":135,"position":0},"title":"impressum","date":"23. M\u00e4rz 2015","format":false,"excerpt":"Der gesamte Inhalt dieses Internetauftritts ist urheberrechtlich gesch\u00fctzt. Das Herunterladen oder Ausdrucken einzelner Seiten ist nicht gestattet. Jegliche Vervielf\u00e4ltigung, \u00dcbermittlung oder Bearbeitung ist ohne vorherige\u00a0schriftliche Zustimmung des Urhebers untersagt. Das Urheberrecht an allen Bildern und Texten auf dieser Webseite liegt ausschlie\u00dflich bei dem Betreiber dieser Seiten (Claus Tr\u00fcbenbach). Jede nicht\u2026","rel":"","context":"\u00c4hnlicher Beitrag","img":{"alt_text":"","src":"","width":0,"height":0},"classes":[]}],"_links":{"self":[{"href":"http:\/\/artograf.de\/index.php?rest_route=\/wp\/v2\/pages\/135"}],"collection":[{"href":"http:\/\/artograf.de\/index.php?rest_route=\/wp\/v2\/pages"}],"about":[{"href":"http:\/\/artograf.de\/index.php?rest_route=\/wp\/v2\/types\/page"}],"author":[{"embeddable":true,"href":"http:\/\/artograf.de\/index.php?rest_route=\/wp\/v2\/users\/1"}],"replies":[{"embeddable":true,"href":"http:\/\/artograf.de\/index.php?rest_route=%2Fwp%2Fv2%2Fcomments&post=135"}],"version-history":[{"count":23,"href":"http:\/\/artograf.de\/index.php?rest_route=\/wp\/v2\/pages\/135\/revisions"}],"predecessor-version":[{"id":628,"href":"http:\/\/artograf.de\/index.php?rest_route=\/wp\/v2\/pages\/135\/revisions\/628"}],"wp:attachment":[{"href":"http:\/\/artograf.de\/index.php?rest_route=%2Fwp%2Fv2%2Fmedia&parent=135"}],"curies":[{"name":"wp","href":"https:\/\/api.w.org\/{rel}","templated":true}]}}