{"id":478,"date":"2016-10-02T15:35:36","date_gmt":"2016-10-02T13:35:36","guid":{"rendered":"http:\/\/artograf.de\/?page_id=478"},"modified":"2018-02-12T15:59:23","modified_gmt":"2018-02-12T14:59:23","slug":"gallery","status":"publish","type":"page","link":"http:\/\/artograf.de\/?page_id=478","title":{"rendered":"fine art nude"},"content":{"rendered":"<p style=\"text-align: center;\">\n\t\t<!-- MasterSlider -->\n\t\t<div id=\"P_MS6a099e0468b2b\" class=\"master-slider-parent msl ms-parent-id-8\" style=\"max-width:800px;\">\n\n\t\t\t\n\t\t\t<!-- MasterSlider Main -->\n\t\t\t<div id=\"MS6a099e0468b2b\" class=\"master-slider ms-skin-light-3\" >\n\t\t\t\t \t\t\t\t \n\t\t\t\t<div  class=\"ms-slide\" data-delay=\"3\" data-fill-mode=\"fill\"  >\n\t\t\t\t\t<img src=\"https:\/\/i0.wp.com\/artograf.de\/wp-content\/plugins\/master-slider\/public\/assets\/css\/blank.gif?w=756\" alt=\"\" title=\"\" data-src=\"http:\/\/artograf.de\/wp-content\/uploads\/2016\/10\/Natalie-570-von-704-Bearbeitet-1-800x1200.jpg\" data-recalc-dims=\"1\" \/>\n\n\n\t<div class=\"ms-thumb\" ><div class=\"ms-tab-context\"><div class=&quot;ms-tab-context&quot;><\/div><\/div>\n<\/div>\n\t\t\t\t<\/div>\n\t\t\t\t<div  class=\"ms-slide\" data-delay=\"3\" data-fill-mode=\"fill\"  >\n\t\t\t\t\t<img src=\"https:\/\/i0.wp.com\/artograf.de\/wp-content\/plugins\/master-slider\/public\/assets\/css\/blank.gif?w=756\" alt=\"\" title=\"\" data-src=\"http:\/\/artograf.de\/wp-content\/uploads\/2018\/02\/2018.02.13-NAT_382-800x1200.jpg\" data-recalc-dims=\"1\" \/>\n\n\n\t<div class=\"ms-thumb\" ><div class=\"ms-tab-context\"><div class=&quot;ms-tab-context&quot;><\/div><\/div>\n<\/div>\n\t\t\t\t<\/div>\n\t\t\t\t<div  class=\"ms-slide\" data-delay=\"3\" data-fill-mode=\"fill\"  >\n\t\t\t\t\t<img src=\"https:\/\/i0.wp.com\/artograf.de\/wp-content\/plugins\/master-slider\/public\/assets\/css\/blank.gif?w=756\" alt=\"\" title=\"\" data-src=\"http:\/\/artograf.de\/wp-content\/uploads\/2018\/02\/2018.02.13-NAT_657-800x1200.jpg\" data-recalc-dims=\"1\" \/>\n\n\n\t<div class=\"ms-thumb\" ><div class=\"ms-tab-context\"><div class=&quot;ms-tab-context&quot;><\/div><\/div>\n<\/div>\n\t\t\t\t<\/div>\n\t\t\t\t<div  class=\"ms-slide\" data-delay=\"3\" data-fill-mode=\"fill\"  >\n\t\t\t\t\t<img src=\"https:\/\/i0.wp.com\/artograf.de\/wp-content\/plugins\/master-slider\/public\/assets\/css\/blank.gif?w=756\" alt=\"\" title=\"\" data-src=\"http:\/\/artograf.de\/wp-content\/uploads\/2018\/02\/Sony-00585_bw-800x1200.jpg\" data-recalc-dims=\"1\" \/>\n\n\n\t<div class=\"ms-thumb\" ><div class=\"ms-tab-context\"><div class=&quot;ms-tab-context&quot;><\/div><\/div>\n<\/div>\n\t\t\t\t<\/div>\n\t\t\t\t<div  class=\"ms-slide\" data-delay=\"3\" data-fill-mode=\"fill\"  >\n\t\t\t\t\t<img src=\"https:\/\/i0.wp.com\/artograf.de\/wp-content\/plugins\/master-slider\/public\/assets\/css\/blank.gif?w=756\" alt=\"\" title=\"\" data-src=\"http:\/\/artograf.de\/wp-content\/uploads\/2018\/02\/Natalie_386-800x1200.jpg\" data-recalc-dims=\"1\" \/>\n\n\n\t<div class=\"ms-thumb\" ><div class=\"ms-tab-context\"><div class=&quot;ms-tab-context&quot;><\/div><\/div>\n<\/div>\n\t\t\t\t<\/div>\n\t\t\t\t<div  class=\"ms-slide\" data-delay=\"3\" data-fill-mode=\"fill\"  >\n\t\t\t\t\t<img src=\"https:\/\/i0.wp.com\/artograf.de\/wp-content\/plugins\/master-slider\/public\/assets\/css\/blank.gif?w=756\" alt=\"\" title=\"\" data-src=\"http:\/\/artograf.de\/wp-content\/uploads\/2018\/02\/2018.02.13-NAT_626-800x1200.jpg\" data-recalc-dims=\"1\" \/>\n\n\n\t<div class=\"ms-thumb\" ><div class=\"ms-tab-context\"><div class=&quot;ms-tab-context&quot;><\/div><\/div>\n<\/div>\n\t\t\t\t<\/div>\n\t\t\t\t<div  class=\"ms-slide\" data-delay=\"3\" data-fill-mode=\"fill\"  >\n\t\t\t\t\t<img src=\"https:\/\/i0.wp.com\/artograf.de\/wp-content\/plugins\/master-slider\/public\/assets\/css\/blank.gif?w=756\" alt=\"\" title=\"\" data-src=\"http:\/\/artograf.de\/wp-content\/uploads\/2018\/02\/2018.02.13-NAT_375-800x1200.jpg\" data-recalc-dims=\"1\" \/>\n\n\n\t<div class=\"ms-thumb\" ><div class=\"ms-tab-context\"><div class=&quot;ms-tab-context&quot;><\/div><\/div>\n<\/div>\n\t\t\t\t<\/div>\n\t\t\t\t<div  class=\"ms-slide\" data-delay=\"3\" data-fill-mode=\"fill\"  >\n\t\t\t\t\t<img src=\"https:\/\/i0.wp.com\/artograf.de\/wp-content\/plugins\/master-slider\/public\/assets\/css\/blank.gif?w=756\" alt=\"\" title=\"\" data-src=\"http:\/\/artograf.de\/wp-content\/uploads\/2016\/10\/Natalie-312-von-704-1_pp-Bearbeitet-1-1-800x1200.jpg\" data-recalc-dims=\"1\" \/>\n\n\n\t<div class=\"ms-thumb\" ><div class=\"ms-tab-context\"><div class=&quot;ms-tab-context&quot;><\/div><\/div>\n<\/div>\n\t\t\t\t<\/div>\n\t\t\t\t<div  class=\"ms-slide\" data-delay=\"3\" data-fill-mode=\"fill\"  >\n\t\t\t\t\t<img src=\"https:\/\/i0.wp.com\/artograf.de\/wp-content\/plugins\/master-slider\/public\/assets\/css\/blank.gif?w=756\" alt=\"\" title=\"\" data-src=\"http:\/\/artograf.de\/wp-content\/uploads\/2016\/10\/Leene-Mantel-01_LR_SFX-Pro2-800x1200.jpg\" data-recalc-dims=\"1\" \/>\n\n\n\t<div class=\"ms-thumb\" ><div class=\"ms-tab-context\"><div class=&quot;ms-tab-context&quot;><\/div><\/div>\n<\/div>\n\t\t\t\t<\/div>\n\t\t\t\t<div  class=\"ms-slide\" data-delay=\"3\" data-fill-mode=\"fill\"  >\n\t\t\t\t\t<img src=\"https:\/\/i0.wp.com\/artograf.de\/wp-content\/plugins\/master-slider\/public\/assets\/css\/blank.gif?w=756\" alt=\"\" title=\"\" data-src=\"http:\/\/artograf.de\/wp-content\/uploads\/2018\/02\/Sony-01968_bw-800x1200.jpg\" data-recalc-dims=\"1\" \/>\n\n\n\t<div class=\"ms-thumb\" ><div class=\"ms-tab-context\"><div class=&quot;ms-tab-context&quot;><\/div><\/div>\n<\/div>\n\t\t\t\t<\/div>\n\t\t\t\t<div  class=\"ms-slide\" data-delay=\"3\" data-fill-mode=\"fill\"  >\n\t\t\t\t\t<img src=\"https:\/\/i0.wp.com\/artograf.de\/wp-content\/plugins\/master-slider\/public\/assets\/css\/blank.gif?w=756\" alt=\"\" title=\"\" data-src=\"http:\/\/artograf.de\/wp-content\/uploads\/2016\/10\/Natalie-704-von-704-Bearbeitet-2-oR-800x1200.jpg\" data-recalc-dims=\"1\" \/>\n\n\n\t<div class=\"ms-thumb\" ><div class=\"ms-tab-context\"><div class=&quot;ms-tab-context&quot;><\/div><\/div>\n<\/div>\n\t\t\t\t<\/div>\n\t\t\t\t<div  class=\"ms-slide\" data-delay=\"3\" data-fill-mode=\"fill\"  >\n\t\t\t\t\t<img src=\"https:\/\/i0.wp.com\/artograf.de\/wp-content\/plugins\/master-slider\/public\/assets\/css\/blank.gif?w=756\" alt=\"\" title=\"\" data-src=\"http:\/\/artograf.de\/wp-content\/uploads\/2018\/02\/Natalie_561-800x1200.jpg\" data-recalc-dims=\"1\" \/>\n\n\n\t<div class=\"ms-thumb\" ><div class=\"ms-tab-context\"><div class=&quot;ms-tab-context&quot;><\/div><\/div>\n<\/div>\n\t\t\t\t<\/div>\n\t\t\t\t<div  class=\"ms-slide\" data-delay=\"3\" data-fill-mode=\"fill\"  >\n\t\t\t\t\t<img src=\"https:\/\/i0.wp.com\/artograf.de\/wp-content\/plugins\/master-slider\/public\/assets\/css\/blank.gif?w=756\" alt=\"\" title=\"\" data-src=\"http:\/\/artograf.de\/wp-content\/uploads\/2018\/02\/Sony-01997_bw-800x1200.jpg\" data-recalc-dims=\"1\" \/>\n\n\n\t<div class=\"ms-thumb\" ><div class=\"ms-tab-context\"><div class=&quot;ms-tab-context&quot;><\/div><\/div>\n<\/div>\n\t\t\t\t<\/div>\n\t\t\t\t<div  class=\"ms-slide\" data-delay=\"3\" data-fill-mode=\"fill\"  >\n\t\t\t\t\t<img src=\"https:\/\/i0.wp.com\/artograf.de\/wp-content\/plugins\/master-slider\/public\/assets\/css\/blank.gif?w=756\" alt=\"\" title=\"\" data-src=\"http:\/\/artograf.de\/wp-content\/uploads\/2016\/10\/Natalie-628-von-704-1_pp-Bearbeitet-800x1200.jpg\" data-recalc-dims=\"1\" \/>\n\n\n\t<div class=\"ms-thumb\" ><div class=\"ms-tab-context\"><div class=&quot;ms-tab-context&quot;><\/div><\/div>\n<\/div>\n\t\t\t\t<\/div>\n\t\t\t\t<div  class=\"ms-slide\" data-delay=\"3\" data-fill-mode=\"fill\"  >\n\t\t\t\t\t<img src=\"https:\/\/i0.wp.com\/artograf.de\/wp-content\/plugins\/master-slider\/public\/assets\/css\/blank.gif?w=756\" alt=\"\" title=\"\" data-src=\"http:\/\/artograf.de\/wp-content\/uploads\/2018\/02\/Natalie_323-800x1200.jpg\" data-recalc-dims=\"1\" \/>\n\n\n\t<div class=\"ms-thumb\" ><div class=\"ms-tab-context\"><div class=&quot;ms-tab-context&quot;><\/div><\/div>\n<\/div>\n\t\t\t\t<\/div>\n\t\t\t\t<div  class=\"ms-slide\" data-delay=\"3\" data-fill-mode=\"fill\"  >\n\t\t\t\t\t<img src=\"https:\/\/i0.wp.com\/artograf.de\/wp-content\/plugins\/master-slider\/public\/assets\/css\/blank.gif?w=756\" alt=\"\" title=\"\" data-src=\"http:\/\/artograf.de\/wp-content\/uploads\/2016\/10\/Katrin_Supermodel-122-von-515-Bearbeitet-1_oR-800x1200.jpg\" data-recalc-dims=\"1\" \/>\n\n\n\t<div class=\"ms-thumb\" ><div class=\"ms-tab-context\"><div class=&quot;ms-tab-context&quot;><\/div><\/div>\n<\/div>\n\t\t\t\t<\/div>\n\t\t\t\t<div  class=\"ms-slide\" data-delay=\"3\" data-fill-mode=\"fill\"  >\n\t\t\t\t\t<img src=\"https:\/\/i0.wp.com\/artograf.de\/wp-content\/plugins\/master-slider\/public\/assets\/css\/blank.gif?w=756\" alt=\"\" title=\"\" data-src=\"http:\/\/artograf.de\/wp-content\/uploads\/2018\/02\/Natalie_326-800x1200.jpg\" data-recalc-dims=\"1\" \/>\n\n\n\t<div class=\"ms-thumb\" ><div class=\"ms-tab-context\"><div class=&quot;ms-tab-context&quot;><\/div><\/div>\n<\/div>\n\t\t\t\t<\/div>\n\n\t\t\t<\/div>\n\t\t\t<!-- END MasterSlider Main -->\n\n\t\t\t \n\t\t<\/div>\n\t\t<!-- END MasterSlider -->\n\n\t\t<script>\n\t\t(function ( $ ) {\n\t\t\t\"use strict\";\n\n\t\t\t$(function () {\n\t\t\t\tvar masterslider_8b2b = new MasterSlider();\n\n\t\t\t\t\/\/ slider controls\n\t\t\t\tmasterslider_8b2b.control('arrows'     ,{ autohide:true, overVideo:false  });\t\t\t\tmasterslider_8b2b.control('bullets'    ,{ autohide:true, overVideo:false, dir:'h', align:'bottom' , margin:10  });\n\n\t\t\t\tmasterslider_8b2b.control('circletimer',{ autohide:false, overVideo:false, color:'#434343', radius:10, stroke:3   });\n\t\t\t\tmasterslider_8b2b.control('timebar'    ,{ autohide:false, overVideo:false, align:'bottom', color:'#FFFFFF'  , width:4 });\n\t\t\t\t\/\/ slider setup\n\t\t\t\tmasterslider_8b2b.setup(\"MS6a099e0468b2b\", {\n\t\t\t\t\t\twidth           : 800,\n\t\t\t\t\t\theight          : 1200,\n\t\t\t\t\t\tminHeight       : 0,\n\t\t\t\t\t\tspace           : 10,\n\t\t\t\t\t\tstart           : 1,\n\t\t\t\t\t\tgrabCursor      : true,\n\t\t\t\t\t\tswipe           : true,\n\t\t\t\t\t\tmouse           : true,\n\t\t\t\t\t\tlayout          : \"boxed\",\n\t\t\t\t\t\twheel           : false,\n\t\t\t\t\t\tautoplay        : true,\n\t\t\t\t\t\tinstantStartLayers:false,\n\t\t\t\t\t\tloop            : true,\n\t\t\t\t\t\tshuffle         : false,\n\t\t\t\t\t\tpreload         : 0,\n\t\t\t\t\t\theightLimit     : true,\n\t\t\t\t\t\tautoHeight      : false,\n\t\t\t\t\t\tsmoothHeight    : true,\n\t\t\t\t\t\tendPause        : false,\n\t\t\t\t\t\toverPause       : true,\n\t\t\t\t\t\tfillMode        : \"fill\",\n\t\t\t\t\t\tcenterControls  : false,\n\t\t\t\t\t\tstartOnAppear   : false,\n\t\t\t\t\t\tlayersMode      : \"center\",\n\t\t\t\t\t\thideLayers      : false,\n\t\t\t\t\t\tfullscreenMargin: 0,\n\t\t\t\t\t\tspeed           : 3,\n\t\t\t\t\t\tdir             : \"h\",\n\t\t\t\t\t\tparallaxMode    : 'swipe',\n\t\t\t\t\t\tview            : \"basic\"\n\t\t\t\t});\n\n\t\t\t\t\n\t\t\t\twindow.masterslider_instances = window.masterslider_instances || [];\n\t\t\t\twindow.masterslider_instances.push( masterslider_8b2b );\n\t\t\t });\n\n\t\t})(jQuery);\n\t\t<\/script>\n\n<\/p>\n","protected":false},"excerpt":{"rendered":"","protected":false},"author":1,"featured_media":0,"parent":0,"menu_order":0,"comment_status":"closed","ping_status":"closed","template":"page-full.php","meta":{"ngg_post_thumbnail":0,"spay_email":""},"jetpack_sharing_enabled":true,"jetpack_shortlink":"https:\/\/wp.me\/P60xxA-7I","jetpack-related-posts":[{"id":484,"url":"http:\/\/artograf.de\/?page_id=484","url_meta":{"origin":478,"position":0},"title":"portrait","date":"2. Oktober 2016","format":false,"excerpt":"","rel":"","context":"\u00c4hnlicher Beitrag","img":{"alt_text":"","src":"","width":0,"height":0},"classes":[]},{"id":29,"url":"http:\/\/artograf.de\/?page_id=29","url_meta":{"origin":478,"position":1},"title":"impressum","date":"23. M\u00e4rz 2015","format":false,"excerpt":"Der gesamte Inhalt dieses Internetauftritts ist urheberrechtlich gesch\u00fctzt. Das Herunterladen oder Ausdrucken einzelner Seiten ist nicht gestattet. Jegliche Vervielf\u00e4ltigung, \u00dcbermittlung oder Bearbeitung ist ohne vorherige\u00a0schriftliche Zustimmung des Urhebers untersagt. Das Urheberrecht an allen Bildern und Texten auf dieser Webseite liegt ausschlie\u00dflich bei dem Betreiber dieser Seiten (Claus Tr\u00fcbenbach). Jede nicht\u2026","rel":"","context":"\u00c4hnlicher Beitrag","img":{"alt_text":"","src":"","width":0,"height":0},"classes":[]}],"_links":{"self":[{"href":"http:\/\/artograf.de\/index.php?rest_route=\/wp\/v2\/pages\/478"}],"collection":[{"href":"http:\/\/artograf.de\/index.php?rest_route=\/wp\/v2\/pages"}],"about":[{"href":"http:\/\/artograf.de\/index.php?rest_route=\/wp\/v2\/types\/page"}],"author":[{"embeddable":true,"href":"http:\/\/artograf.de\/index.php?rest_route=\/wp\/v2\/users\/1"}],"replies":[{"embeddable":true,"href":"http:\/\/artograf.de\/index.php?rest_route=%2Fwp%2Fv2%2Fcomments&post=478"}],"version-history":[{"count":2,"href":"http:\/\/artograf.de\/index.php?rest_route=\/wp\/v2\/pages\/478\/revisions"}],"predecessor-version":[{"id":624,"href":"http:\/\/artograf.de\/index.php?rest_route=\/wp\/v2\/pages\/478\/revisions\/624"}],"wp:attachment":[{"href":"http:\/\/artograf.de\/index.php?rest_route=%2Fwp%2Fv2%2Fmedia&parent=478"}],"curies":[{"name":"wp","href":"https:\/\/api.w.org\/{rel}","templated":true}]}}